{"id":9481,"date":"2022-10-13T06:22:51","date_gmt":"2022-10-13T03:22:51","guid":{"rendered":"https:\/\/metecitir.com\/smile-design\/"},"modified":"2022-10-13T10:39:18","modified_gmt":"2022-10-13T07:39:18","slug":"%d0%b4%d0%b8%d0%b7%d0%b0%d0%b9%d0%bd-%d1%83%d0%bb%d1%8b%d0%b1%d0%ba%d0%b8","status":"publish","type":"page","link":"https:\/\/metecitir.com\/ru\/%d0%b4%d0%b8%d0%b7%d0%b0%d0%b9%d0%bd-%d1%83%d0%bb%d1%8b%d0%b1%d0%ba%d0%b8\/","title":{"rendered":"\u0414\u0438\u0437\u0430\u0439\u043d \u0443\u043b\u044b\u0431\u043a\u0438"},"content":{"rendered":"<p>[vc_row][vc_column]<style>.ld_spacer_69dff84e212a3{height:64px;}<\/style>\n<div class=\"ld-empty-space ld_spacer_69dff84e212a3\"><\/div>[\/vc_column][\/vc_row][vc_row content_placement=&#187;middle&#187; responsive_css=&#187;padding_top_medium:45px&#187; css=&#187;.vc_custom_1660131534247{padding-top: 30px !important;}&#187;][vc_column css=&#187;.vc_custom_1620642235658{margin-bottom: 60px !important;}&#187; responsive_css=&#187;margin_bottom_medium:35px&#187;]<style>.ld_fancy_heading_69dff84e2147c h2 {font-size:42px; } .ld_fancy_heading_69dff84e2147c h2 {font-weight:500; } .ld_fancy_heading_69dff84e2147c h2 {margin-bottom:0.75em !important;  } .ld_fancy_heading_69dff84e2147c .lqd-highlight-inner{height:0.275em!important;bottom:0px!important;background:rgba(237, 28, 36, 0.39)!important;}.ld_fancy_heading_69dff84e2147c h2 {font-size:42px; } .ld_fancy_heading_69dff84e2147c h2 {font-weight:500; } .ld_fancy_heading_69dff84e2147c h2 {margin-bottom:0.75em !important;  } <\/style><div class=\"ld-fancy-heading ld_fancy_heading_69dff84e2147c\">\n\t<h2 class=\"ld-fh-element lqd-highlight-underline lqd-highlight-grow-left text-decoration-default\"   >  <span style=\"color: #000000\">\u0414\u0438\u0437\u0430\u0439\u043d \u0443\u043b\u044b\u0431\u043a\u0438<\/span><\/h2><\/div><style>.ld_fancy_heading_69dff84e217b9 p{color:rgb(0, 0, 0);}.ld_fancy_heading_69dff84e217b9 p {font-size:17px; } .ld_fancy_heading_69dff84e217b9 p {line-height:1.88em; } .ld_fancy_heading_69dff84e217b9 p {--element-line-height:1.88em; } @media (min-width: 1200px) { .ld_fancy_heading_69dff84e217b9 p {margin-bottom:1em !important;  }  } .ld_fancy_heading_69dff84e217b9 .lqd-highlight-inner{height:0.275em!important;bottom:0px!important;}.ld_fancy_heading_69dff84e217b9 p {font-size:17px; } .ld_fancy_heading_69dff84e217b9 p {line-height:1.88em; } .ld_fancy_heading_69dff84e217b9 p {--element-line-height:1.88em; } @media (min-width: 1200px) { .ld_fancy_heading_69dff84e217b9 p {margin-bottom:1em !important;  }  } <\/style><div class=\"ld-fancy-heading ld_fancy_heading_69dff84e217b9\">\n\t<p class=\"ld-fh-element lqd-highlight-underline lqd-highlight-grow-left text-decoration-default\"   >  \u0426\u0435\u043b\u044c Smile Design \u2014 \u0441\u0434\u0435\u043b\u0430\u0442\u044c \u0442\u0430\u043a, \u0447\u0442\u043e\u0431\u044b \u0437\u0443\u0431\u044b \u043f\u0430\u0446\u0438\u0435\u043d\u0442\u043e\u0432, \u044d\u0441\u0442\u0435\u0442\u0438\u0447\u0435\u0441\u043a\u0438\u0439 \u0432\u0438\u0434 \u043a\u043e\u0442\u043e\u0440\u044b\u0445 \u0443\u0445\u0443\u0434\u0448\u0438\u043b\u0441\u044f \u043f\u043e \u0440\u0430\u0437\u043d\u044b\u043c \u043f\u0440\u0438\u0447\u0438\u043d\u0430\u043c, \u0432\u044b\u0433\u043b\u044f\u0434\u0435\u043b\u0438 \u043c\u0430\u043a\u0441\u0438\u043c\u0430\u043b\u044c\u043d\u043e \u0435\u0441\u0442\u0435\u0441\u0442\u0432\u0435\u043d\u043d\u043e \u0438 \u043a\u0440\u0430\u0441\u0438\u0432\u043e \u0441 \u0443\u0447\u0435\u0442\u043e\u043c \u0444\u043e\u0440\u043c\u044b \u043b\u0438\u0446\u0430 \u0438 \u043f\u043e\u0442\u0440\u0435\u0431\u043d\u043e\u0441\u0442\u0435\u0439 \u043f\u0430\u0446\u0438\u0435\u043d\u0442\u0430. \u0412 \u0441\u0442\u043e\u043c\u0430\u0442\u043e\u043b\u043e\u0433\u0438\u0438 Smile Design \u2014 \u043e\u0434\u043d\u0430 \u0438\u0437 \u043f\u0435\u0440\u0432\u044b\u0445 \u043f\u0440\u043e\u0446\u0435\u0434\u0443\u0440, \u043a\u043e\u0442\u043e\u0440\u044b\u0435 \u043f\u0440\u0438\u0445\u043e\u0434\u044f\u0442 \u043d\u0430 \u0443\u043c, \u043a\u043e\u0433\u0434\u0430 \u0440\u0435\u0447\u044c \u0437\u0430\u0445\u043e\u0434\u0438\u0442 \u043e\u0431 \u044d\u0441\u0442\u0435\u0442\u0438\u043a\u0435. \u041a\u0440\u043e\u043c\u0435 \u0442\u043e\u0433\u043e, \u0434\u0438\u0437\u0430\u0439\u043d \u0443\u043b\u044b\u0431\u043a\u0438 \u0440\u0430\u0441\u0441\u043c\u0430\u0442\u0440\u0438\u0432\u0430\u0435\u0442\u0441\u044f \u043a\u0430\u043a \u043c\u0435\u0436\u0434\u0438\u0441\u0446\u0438\u043f\u043b\u0438\u043d\u0430\u0440\u043d\u044b\u0439 \u043f\u043e\u0434\u0445\u043e\u0434 \u0438 \u0432\u044b\u043f\u043e\u043b\u043d\u044f\u0435\u0442\u0441\u044f \u043f\u0443\u0442\u0435\u043c \u043e\u0434\u043d\u043e\u0432\u0440\u0435\u043c\u0435\u043d\u043d\u043e\u0433\u043e \u043f\u0440\u0438\u043c\u0435\u043d\u0435\u043d\u0438\u044f \u043c\u043d\u043e\u0433\u0438\u0445 \u043f\u0440\u043e\u0446\u0435\u0441\u0441\u043e\u0432.<\/p>\n<p>\u042d\u0442\u043e\u0442 \u043f\u0440\u043e\u0446\u0435\u0441\u0441 \u043b\u0435\u0447\u0435\u043d\u0438\u044f \u043c\u043e\u0436\u0435\u0442 \u0441\u043e\u0447\u0435\u0442\u0430\u0442\u044c \u044d\u0441\u0442\u0435\u0442\u0438\u0447\u0435\u0441\u043a\u0438\u0435 \u043f\u043e\u043a\u0440\u044b\u0442\u0438\u044f, \u044d\u0441\u0442\u0435\u0442\u0438\u0447\u0435\u0441\u043a\u0438\u0435 \u043f\u043b\u043e\u043c\u0431\u044b, \u043e\u0442\u0431\u0435\u043b\u0438\u0432\u0430\u043d\u0438\u0435 \u0437\u0443\u0431\u043e\u0432, \u043b\u0435\u0447\u0435\u043d\u0438\u0435 \u0434\u0435\u0441\u0435\u043d \u0438 \u0443\u0434\u043b\u0438\u043d\u0435\u043d\u0438\u0435 \u0437\u0443\u0431\u043e\u0432. \u041f\u0440\u043e\u0434\u043e\u043b\u0436\u0438\u0442\u0435\u043b\u044c\u043d\u043e\u0441\u0442\u044c \u043b\u0435\u0447\u0435\u043d\u0438\u044f Smile Design \u0432\u0430\u0440\u044c\u0438\u0440\u0443\u0435\u0442\u0441\u044f. \u0412 \u0437\u0430\u0432\u0438\u0441\u0438\u043c\u043e\u0441\u0442\u0438 \u043e\u0442 \u043f\u0440\u0438\u043c\u0435\u043d\u044f\u0435\u043c\u043e\u0433\u043e \u043b\u0435\u0447\u0435\u043d\u0438\u044f, \u044d\u0442\u043e \u043c\u043e\u0436\u0435\u0442 \u0437\u0430\u043d\u044f\u0442\u044c \u043e\u0434\u0438\u043d \u0434\u0435\u043d\u044c \u0438\u043b\u0438 \u0434\u043b\u0438\u0442\u044c\u0441\u044f \u0434\u043e 2 \u043d\u0435\u0434\u0435\u043b\u044c.<\/p><\/div>[\/vc_column][\/vc_row][vc_row][vc_column]<style>.ld_spacer_69dff84e21943{height:64px;}<\/style>\n<div class=\"ld-empty-space ld_spacer_69dff84e21943\"><\/div>[\/vc_column][\/vc_row]<\/p>\n","protected":false},"excerpt":{"rendered":"<p>[vc_row][vc_column][\/vc_column][\/vc_row][vc_row content_placement=&#187;middle&#187; responsive_css=&#187;padding_top_medium:45px&#187; css=&#187;.vc_custom_1660131534247{padding-top: 30px !important;}&#187;][vc_column css=&#187;.vc_custom_1620642235658{margin-bottom: 60px !important;}&#187; responsive_css=&#187;margin_bottom_medium:35px&#187;][\/vc_column][\/vc_row][vc_row][vc_column][\/vc_column][\/vc_row]<\/p>\n","protected":false},"author":1,"featured_media":0,"parent":0,"menu_order":0,"comment_status":"closed","ping_status":"closed","template":"","meta":[],"yoast_head":"<!-- This site is optimized with the Yoast SEO plugin v20.2.1 - https:\/\/yoast.com\/wordpress\/plugins\/seo\/ -->\n<title>\u0414\u0438\u0437\u0430\u0439\u043d \u0443\u043b\u044b\u0431\u043a\u0438 - Dr. Mete \u00c7\u0131t\u0131r | A\u011f\u0131z ve \u00c7ene Cerrahisi Klini\u011fi<\/title>\n<meta name=\"robots\" content=\"index, follow, max-snippet:-1, max-image-preview:large, max-video-preview:-1\" \/>\n<link rel=\"canonical\" href=\"https:\/\/metecitir.com\/ru\/%d0%b4%d0%b8%d0%b7%d0%b0%d0%b9%d0%bd-%d1%83%d0%bb%d1%8b%d0%b1%d0%ba%d0%b8\/\" \/>\n<meta property=\"og:locale\" content=\"ru_RU\" \/>\n<meta property=\"og:type\" content=\"article\" \/>\n<meta property=\"og:title\" content=\"\u0414\u0438\u0437\u0430\u0439\u043d \u0443\u043b\u044b\u0431\u043a\u0438 - Dr. Mete \u00c7\u0131t\u0131r | A\u011f\u0131z ve \u00c7ene Cerrahisi Klini\u011fi\" \/>\n<meta property=\"og:description\" content=\"[vc_row][vc_column][\/vc_column][\/vc_row][vc_row content_placement=&#187;middle&#187; responsive_css=&#187;padding_top_medium:45px&#187; css=&#187;.vc_custom_1660131534247{padding-top: 30px !important;}&#187;][vc_column css=&#187;.vc_custom_1620642235658{margin-bottom: 60px !important;}&#187; responsive_css=&#187;margin_bottom_medium:35px&#187;][\/vc_column][\/vc_row][vc_row][vc_column][\/vc_column][\/vc_row]\" \/>\n<meta property=\"og:url\" content=\"https:\/\/metecitir.com\/ru\/%d0%b4%d0%b8%d0%b7%d0%b0%d0%b9%d0%bd-%d1%83%d0%bb%d1%8b%d0%b1%d0%ba%d0%b8\/\" \/>\n<meta property=\"og:site_name\" content=\"Dr. Mete \u00c7\u0131t\u0131r | A\u011f\u0131z ve \u00c7ene Cerrahisi Klini\u011fi\" \/>\n<meta property=\"article:publisher\" content=\"https:\/\/www.facebook.com\/drmetecitirtr\" \/>\n<meta property=\"article:modified_time\" content=\"2022-10-13T07:39:18+00:00\" \/>\n<meta name=\"twitter:card\" content=\"summary_large_image\" \/>\n<meta name=\"twitter:site\" content=\"@drmetecitir\" \/>\n<meta name=\"twitter:label1\" content=\"\u041f\u0440\u0438\u043c\u0435\u0440\u043d\u043e\u0435 \u0432\u0440\u0435\u043c\u044f \u0434\u043b\u044f \u0447\u0442\u0435\u043d\u0438\u044f\" \/>\n\t<meta name=\"twitter:data1\" content=\"1 \u043c\u0438\u043d\u0443\u0442\u0430\" \/>\n<script type=\"application\/ld+json\" class=\"yoast-schema-graph\">{\"@context\":\"https:\/\/schema.org\",\"@graph\":[{\"@type\":\"WebPage\",\"@id\":\"https:\/\/metecitir.com\/ru\/%d0%b4%d0%b8%d0%b7%d0%b0%d0%b9%d0%bd-%d1%83%d0%bb%d1%8b%d0%b1%d0%ba%d0%b8\/\",\"url\":\"https:\/\/metecitir.com\/ru\/%d0%b4%d0%b8%d0%b7%d0%b0%d0%b9%d0%bd-%d1%83%d0%bb%d1%8b%d0%b1%d0%ba%d0%b8\/\",\"name\":\"\u0414\u0438\u0437\u0430\u0439\u043d \u0443\u043b\u044b\u0431\u043a\u0438 - Dr. Mete \u00c7\u0131t\u0131r | A\u011f\u0131z ve \u00c7ene Cerrahisi Klini\u011fi\",\"isPartOf\":{\"@id\":\"https:\/\/metecitir.com\/ru\/#website\"},\"datePublished\":\"2022-10-13T03:22:51+00:00\",\"dateModified\":\"2022-10-13T07:39:18+00:00\",\"breadcrumb\":{\"@id\":\"https:\/\/metecitir.com\/ru\/%d0%b4%d0%b8%d0%b7%d0%b0%d0%b9%d0%bd-%d1%83%d0%bb%d1%8b%d0%b1%d0%ba%d0%b8\/#breadcrumb\"},\"inLanguage\":\"ru-RU\",\"potentialAction\":[{\"@type\":\"ReadAction\",\"target\":[\"https:\/\/metecitir.com\/ru\/%d0%b4%d0%b8%d0%b7%d0%b0%d0%b9%d0%bd-%d1%83%d0%bb%d1%8b%d0%b1%d0%ba%d0%b8\/\"]}]},{\"@type\":\"BreadcrumbList\",\"@id\":\"https:\/\/metecitir.com\/ru\/%d0%b4%d0%b8%d0%b7%d0%b0%d0%b9%d0%bd-%d1%83%d0%bb%d1%8b%d0%b1%d0%ba%d0%b8\/#breadcrumb\",\"itemListElement\":[{\"@type\":\"ListItem\",\"position\":1,\"name\":\"Anasayfa\",\"item\":\"https:\/\/metecitir.com\/ru\/%d0%b4%d0%be%d0%bc%d0%b0%d1%88%d0%bd%d1%8f%d1%8f-%d1%81%d1%82%d1%80%d0%b0%d0%bd%d0%b8%d1%86%d0%b0\/\"},{\"@type\":\"ListItem\",\"position\":2,\"name\":\"\u0414\u0438\u0437\u0430\u0439\u043d \u0443\u043b\u044b\u0431\u043a\u0438\"}]},{\"@type\":\"WebSite\",\"@id\":\"https:\/\/metecitir.com\/ru\/#website\",\"url\":\"https:\/\/metecitir.com\/ru\/\",\"name\":\"Dr. Mete \u00c7\u0131t\u0131r | A\u011f\u0131z ve \u00c7ene Cerrahisi Klini\u011fi\",\"description\":\"Tekirda\u011f Di\u015f \u0130mplant\",\"publisher\":{\"@id\":\"https:\/\/metecitir.com\/ru\/#organization\"},\"potentialAction\":[{\"@type\":\"SearchAction\",\"target\":{\"@type\":\"EntryPoint\",\"urlTemplate\":\"https:\/\/metecitir.com\/ru\/?s={search_term_string}\"},\"query-input\":\"required name=search_term_string\"}],\"inLanguage\":\"ru-RU\"},{\"@type\":\"Organization\",\"@id\":\"https:\/\/metecitir.com\/ru\/#organization\",\"name\":\"Dr. Mete \u00c7\u0131t\u0131r | A\u011f\u0131z ve \u00c7ene Cerrahisi Klini\u011fi\",\"url\":\"https:\/\/metecitir.com\/ru\/\",\"logo\":{\"@type\":\"ImageObject\",\"inLanguage\":\"ru-RU\",\"@id\":\"https:\/\/metecitir.com\/ru\/#\/schema\/logo\/image\/\",\"url\":\"https:\/\/metecitir.com\/wp-content\/uploads\/2023\/03\/metecitirlogomenu.png\",\"contentUrl\":\"https:\/\/metecitir.com\/wp-content\/uploads\/2023\/03\/metecitirlogomenu.png\",\"width\":880,\"height\":425,\"caption\":\"Dr. Mete \u00c7\u0131t\u0131r | A\u011f\u0131z ve \u00c7ene Cerrahisi Klini\u011fi\"},\"image\":{\"@id\":\"https:\/\/metecitir.com\/ru\/#\/schema\/logo\/image\/\"},\"sameAs\":[\"https:\/\/www.facebook.com\/drmetecitirtr\",\"https:\/\/twitter.com\/drmetecitir\",\"https:\/\/www.instagram.com\/drmetecitir\/\"]}]}<\/script>\n<!-- \/ Yoast SEO plugin. -->","yoast_head_json":{"title":"\u0414\u0438\u0437\u0430\u0439\u043d \u0443\u043b\u044b\u0431\u043a\u0438 - Dr. Mete \u00c7\u0131t\u0131r | A\u011f\u0131z ve \u00c7ene Cerrahisi Klini\u011fi","robots":{"index":"index","follow":"follow","max-snippet":"max-snippet:-1","max-image-preview":"max-image-preview:large","max-video-preview":"max-video-preview:-1"},"canonical":"https:\/\/metecitir.com\/ru\/%d0%b4%d0%b8%d0%b7%d0%b0%d0%b9%d0%bd-%d1%83%d0%bb%d1%8b%d0%b1%d0%ba%d0%b8\/","og_locale":"ru_RU","og_type":"article","og_title":"\u0414\u0438\u0437\u0430\u0439\u043d \u0443\u043b\u044b\u0431\u043a\u0438 - Dr. Mete \u00c7\u0131t\u0131r | A\u011f\u0131z ve \u00c7ene Cerrahisi Klini\u011fi","og_description":"[vc_row][vc_column][\/vc_column][\/vc_row][vc_row content_placement=&#187;middle&#187; responsive_css=&#187;padding_top_medium:45px&#187; css=&#187;.vc_custom_1660131534247{padding-top: 30px !important;}&#187;][vc_column css=&#187;.vc_custom_1620642235658{margin-bottom: 60px !important;}&#187; responsive_css=&#187;margin_bottom_medium:35px&#187;][\/vc_column][\/vc_row][vc_row][vc_column][\/vc_column][\/vc_row]","og_url":"https:\/\/metecitir.com\/ru\/%d0%b4%d0%b8%d0%b7%d0%b0%d0%b9%d0%bd-%d1%83%d0%bb%d1%8b%d0%b1%d0%ba%d0%b8\/","og_site_name":"Dr. Mete \u00c7\u0131t\u0131r | A\u011f\u0131z ve \u00c7ene Cerrahisi Klini\u011fi","article_publisher":"https:\/\/www.facebook.com\/drmetecitirtr","article_modified_time":"2022-10-13T07:39:18+00:00","twitter_card":"summary_large_image","twitter_site":"@drmetecitir","twitter_misc":{"\u041f\u0440\u0438\u043c\u0435\u0440\u043d\u043e\u0435 \u0432\u0440\u0435\u043c\u044f \u0434\u043b\u044f \u0447\u0442\u0435\u043d\u0438\u044f":"1 \u043c\u0438\u043d\u0443\u0442\u0430"},"schema":{"@context":"https:\/\/schema.org","@graph":[{"@type":"WebPage","@id":"https:\/\/metecitir.com\/ru\/%d0%b4%d0%b8%d0%b7%d0%b0%d0%b9%d0%bd-%d1%83%d0%bb%d1%8b%d0%b1%d0%ba%d0%b8\/","url":"https:\/\/metecitir.com\/ru\/%d0%b4%d0%b8%d0%b7%d0%b0%d0%b9%d0%bd-%d1%83%d0%bb%d1%8b%d0%b1%d0%ba%d0%b8\/","name":"\u0414\u0438\u0437\u0430\u0439\u043d \u0443\u043b\u044b\u0431\u043a\u0438 - Dr. Mete \u00c7\u0131t\u0131r | A\u011f\u0131z ve \u00c7ene Cerrahisi Klini\u011fi","isPartOf":{"@id":"https:\/\/metecitir.com\/ru\/#website"},"datePublished":"2022-10-13T03:22:51+00:00","dateModified":"2022-10-13T07:39:18+00:00","breadcrumb":{"@id":"https:\/\/metecitir.com\/ru\/%d0%b4%d0%b8%d0%b7%d0%b0%d0%b9%d0%bd-%d1%83%d0%bb%d1%8b%d0%b1%d0%ba%d0%b8\/#breadcrumb"},"inLanguage":"ru-RU","potentialAction":[{"@type":"ReadAction","target":["https:\/\/metecitir.com\/ru\/%d0%b4%d0%b8%d0%b7%d0%b0%d0%b9%d0%bd-%d1%83%d0%bb%d1%8b%d0%b1%d0%ba%d0%b8\/"]}]},{"@type":"BreadcrumbList","@id":"https:\/\/metecitir.com\/ru\/%d0%b4%d0%b8%d0%b7%d0%b0%d0%b9%d0%bd-%d1%83%d0%bb%d1%8b%d0%b1%d0%ba%d0%b8\/#breadcrumb","itemListElement":[{"@type":"ListItem","position":1,"name":"Anasayfa","item":"https:\/\/metecitir.com\/ru\/%d0%b4%d0%be%d0%bc%d0%b0%d1%88%d0%bd%d1%8f%d1%8f-%d1%81%d1%82%d1%80%d0%b0%d0%bd%d0%b8%d1%86%d0%b0\/"},{"@type":"ListItem","position":2,"name":"\u0414\u0438\u0437\u0430\u0439\u043d \u0443\u043b\u044b\u0431\u043a\u0438"}]},{"@type":"WebSite","@id":"https:\/\/metecitir.com\/ru\/#website","url":"https:\/\/metecitir.com\/ru\/","name":"Dr. Mete \u00c7\u0131t\u0131r | A\u011f\u0131z ve \u00c7ene Cerrahisi Klini\u011fi","description":"Tekirda\u011f Di\u015f \u0130mplant","publisher":{"@id":"https:\/\/metecitir.com\/ru\/#organization"},"potentialAction":[{"@type":"SearchAction","target":{"@type":"EntryPoint","urlTemplate":"https:\/\/metecitir.com\/ru\/?s={search_term_string}"},"query-input":"required name=search_term_string"}],"inLanguage":"ru-RU"},{"@type":"Organization","@id":"https:\/\/metecitir.com\/ru\/#organization","name":"Dr. Mete \u00c7\u0131t\u0131r | A\u011f\u0131z ve \u00c7ene Cerrahisi Klini\u011fi","url":"https:\/\/metecitir.com\/ru\/","logo":{"@type":"ImageObject","inLanguage":"ru-RU","@id":"https:\/\/metecitir.com\/ru\/#\/schema\/logo\/image\/","url":"https:\/\/metecitir.com\/wp-content\/uploads\/2023\/03\/metecitirlogomenu.png","contentUrl":"https:\/\/metecitir.com\/wp-content\/uploads\/2023\/03\/metecitirlogomenu.png","width":880,"height":425,"caption":"Dr. Mete \u00c7\u0131t\u0131r | A\u011f\u0131z ve \u00c7ene Cerrahisi Klini\u011fi"},"image":{"@id":"https:\/\/metecitir.com\/ru\/#\/schema\/logo\/image\/"},"sameAs":["https:\/\/www.facebook.com\/drmetecitirtr","https:\/\/twitter.com\/drmetecitir","https:\/\/www.instagram.com\/drmetecitir\/"]}]}},"_links":{"self":[{"href":"https:\/\/metecitir.com\/ru\/wp-json\/wp\/v2\/pages\/9481"}],"collection":[{"href":"https:\/\/metecitir.com\/ru\/wp-json\/wp\/v2\/pages"}],"about":[{"href":"https:\/\/metecitir.com\/ru\/wp-json\/wp\/v2\/types\/page"}],"author":[{"embeddable":true,"href":"https:\/\/metecitir.com\/ru\/wp-json\/wp\/v2\/users\/1"}],"replies":[{"embeddable":true,"href":"https:\/\/metecitir.com\/ru\/wp-json\/wp\/v2\/comments?post=9481"}],"version-history":[{"count":1,"href":"https:\/\/metecitir.com\/ru\/wp-json\/wp\/v2\/pages\/9481\/revisions"}],"predecessor-version":[{"id":9482,"href":"https:\/\/metecitir.com\/ru\/wp-json\/wp\/v2\/pages\/9481\/revisions\/9482"}],"wp:attachment":[{"href":"https:\/\/metecitir.com\/ru\/wp-json\/wp\/v2\/media?parent=9481"}],"curies":[{"name":"wp","href":"https:\/\/api.w.org\/{rel}","templated":true}]}}