{"id":9433,"date":"2022-10-13T06:37:06","date_gmt":"2022-10-13T03:37:06","guid":{"rendered":"https:\/\/metecitir.com\/?page_id=9433"},"modified":"2022-10-13T06:37:06","modified_gmt":"2022-10-13T03:37:06","slug":"types-of-grafts","status":"publish","type":"page","link":"https:\/\/metecitir.com\/en\/types-of-grafts\/","title":{"rendered":"Types of Grafts"},"content":{"rendered":"<p>[vc_row][vc_column]<style>.ld_spacer_69d004402b3f4{height:64px;}<\/style>\n<div class=\"ld-empty-space ld_spacer_69d004402b3f4\"><\/div>[\/vc_column][\/vc_row][vc_row content_placement=&#8221;middle&#8221; responsive_css=&#8221;padding_top_medium:45px&#8221; css=&#8221;.vc_custom_1660131534247{padding-top: 30px !important;}&#8221;][vc_column css=&#8221;.vc_custom_1620642235658{margin-bottom: 60px !important;}&#8221; responsive_css=&#8221;margin_bottom_medium:35px&#8221;]<style>.ld_fancy_heading_69d004402b58b h2 {font-size:42px; } .ld_fancy_heading_69d004402b58b h2 {font-weight:500; } .ld_fancy_heading_69d004402b58b h2 {margin-bottom:0.75em !important;  } .ld_fancy_heading_69d004402b58b .lqd-highlight-inner{height:0.275em!important;bottom:0px!important;background:rgba(237, 28, 36, 0.39)!important;}.ld_fancy_heading_69d004402b58b h2 {font-size:42px; } .ld_fancy_heading_69d004402b58b h2 {font-weight:500; } .ld_fancy_heading_69d004402b58b h2 {margin-bottom:0.75em !important;  } <\/style><div class=\"ld-fancy-heading ld_fancy_heading_69d004402b58b\">\n\t<h2 class=\"ld-fh-element lqd-highlight-underline lqd-highlight-grow-left text-decoration-default\"   >  <span style=\"color: #000000\">Types of Grafts<\/span><\/h2><\/div><style>.ld_fancy_heading_69d004402b8f8 p{color:rgb(0, 0, 0);}.ld_fancy_heading_69d004402b8f8 p {font-size:17px; } .ld_fancy_heading_69d004402b8f8 p {line-height:1.88em; } .ld_fancy_heading_69d004402b8f8 p {--element-line-height:1.88em; } @media (min-width: 1200px) { .ld_fancy_heading_69d004402b8f8 p {margin-bottom:1em !important;  }  } .ld_fancy_heading_69d004402b8f8 .lqd-highlight-inner{height:0.275em!important;bottom:0px!important;}.ld_fancy_heading_69d004402b8f8 p {font-size:17px; } .ld_fancy_heading_69d004402b8f8 p {line-height:1.88em; } .ld_fancy_heading_69d004402b8f8 p {--element-line-height:1.88em; } @media (min-width: 1200px) { .ld_fancy_heading_69d004402b8f8 p {margin-bottom:1em !important;  }  } <\/style><div class=\"ld-fancy-heading ld_fancy_heading_69d004402b8f8\">\n\t<p class=\"ld-fh-element lqd-highlight-underline lqd-highlight-grow-left text-decoration-default\"   >  During the reconstruction of bony structures, bone blocks or particles which are called bone grafts, are utilized. There are several types of bone grafts;<\/p>\n<p><strong>1. Autogenous Bone Grafts<\/strong><br \/>\nWhen the required bone is obtained from the patient\u2019s own body it is called autogenous bone graft. The usual intraoral donor sites are chin, posterior mandible or palate. If a large amount of bone graft is needed, distant donor sites such as hip or skull are utilized. Autogenous grafts have an excellent potential for revascularization but in long-term, they may undergo severe resorbtion.<\/p>\n<p><strong>2. Allografts<\/strong><br \/>\nBone grafts taken from human cadavers are called allografts. They may either be as blocks or granules. Their osteoinductive potential is lower than autogenous grafts.<\/p>\n<p><strong>3. Xenografts<\/strong><br \/>\nXenografts are the types of grafts extracted from animals. The grafts are treated by various procedures to ensure that no organic remnant of the donor remains. This type of graft is very useful in the areas where postoperative bone stability is crucial.<\/p>\n<p><strong>4. Alloplast Bone Graft<\/strong><br \/>\nThe alloplastic bone graft is an additional choice for a patient getting ready for dental implants. This graft is either artificially manufactured or made from natural materials like minerals.<\/p><\/div>[\/vc_column][\/vc_row][vc_row][vc_column]<style>.ld_spacer_69d004402bace{height:64px;}<\/style>\n<div class=\"ld-empty-space ld_spacer_69d004402bace\"><\/div>[\/vc_column][\/vc_row]<\/p>\n","protected":false},"excerpt":{"rendered":"<p>[vc_row][vc_column][\/vc_column][\/vc_row][vc_row content_placement=&#8221;middle&#8221; responsive_css=&#8221;padding_top_medium:45px&#8221; css=&#8221;.vc_custom_1660131534247{padding-top: 30px !important;}&#8221;][vc_column css=&#8221;.vc_custom_1620642235658{margin-bottom: 60px !important;}&#8221; responsive_css=&#8221;margin_bottom_medium:35px&#8221;][\/vc_column][\/vc_row][vc_row][vc_column][\/vc_column][\/vc_row]<\/p>\n","protected":false},"author":1,"featured_media":0,"parent":0,"menu_order":0,"comment_status":"closed","ping_status":"closed","template":"","meta":[],"yoast_head":"<!-- This site is optimized with the Yoast SEO plugin v20.2.1 - https:\/\/yoast.com\/wordpress\/plugins\/seo\/ -->\n<title>Types of Grafts - Dr. Mete \u00c7\u0131t\u0131r | A\u011f\u0131z ve \u00c7ene Cerrahisi Klini\u011fi<\/title>\n<meta name=\"robots\" content=\"index, follow, max-snippet:-1, max-image-preview:large, max-video-preview:-1\" \/>\n<link rel=\"canonical\" href=\"https:\/\/metecitir.com\/en\/types-of-grafts\/\" \/>\n<meta property=\"og:locale\" content=\"en_US\" \/>\n<meta property=\"og:type\" content=\"article\" \/>\n<meta property=\"og:title\" content=\"Types of Grafts - Dr. Mete \u00c7\u0131t\u0131r | A\u011f\u0131z ve \u00c7ene Cerrahisi Klini\u011fi\" \/>\n<meta property=\"og:description\" content=\"[vc_row][vc_column][\/vc_column][\/vc_row][vc_row content_placement=&#8221;middle&#8221; responsive_css=&#8221;padding_top_medium:45px&#8221; css=&#8221;.vc_custom_1660131534247{padding-top: 30px !important;}&#8221;][vc_column css=&#8221;.vc_custom_1620642235658{margin-bottom: 60px !important;}&#8221; responsive_css=&#8221;margin_bottom_medium:35px&#8221;][\/vc_column][\/vc_row][vc_row][vc_column][\/vc_column][\/vc_row]\" \/>\n<meta property=\"og:url\" content=\"https:\/\/metecitir.com\/en\/types-of-grafts\/\" \/>\n<meta property=\"og:site_name\" content=\"Dr. Mete \u00c7\u0131t\u0131r | A\u011f\u0131z ve \u00c7ene Cerrahisi Klini\u011fi\" \/>\n<meta property=\"article:publisher\" content=\"https:\/\/www.facebook.com\/drmetecitirtr\" \/>\n<meta name=\"twitter:card\" content=\"summary_large_image\" \/>\n<meta name=\"twitter:site\" content=\"@drmetecitir\" \/>\n<meta name=\"twitter:label1\" content=\"Est. reading time\" \/>\n\t<meta name=\"twitter:data1\" content=\"2 minutes\" \/>\n<script type=\"application\/ld+json\" class=\"yoast-schema-graph\">{\"@context\":\"https:\/\/schema.org\",\"@graph\":[{\"@type\":\"WebPage\",\"@id\":\"https:\/\/metecitir.com\/en\/types-of-grafts\/\",\"url\":\"https:\/\/metecitir.com\/en\/types-of-grafts\/\",\"name\":\"Types of Grafts - Dr. Mete \u00c7\u0131t\u0131r | A\u011f\u0131z ve \u00c7ene Cerrahisi Klini\u011fi\",\"isPartOf\":{\"@id\":\"https:\/\/metecitir.com\/en\/#website\"},\"datePublished\":\"2022-10-13T03:37:06+00:00\",\"dateModified\":\"2022-10-13T03:37:06+00:00\",\"breadcrumb\":{\"@id\":\"https:\/\/metecitir.com\/en\/types-of-grafts\/#breadcrumb\"},\"inLanguage\":\"en-US\",\"potentialAction\":[{\"@type\":\"ReadAction\",\"target\":[\"https:\/\/metecitir.com\/en\/types-of-grafts\/\"]}]},{\"@type\":\"BreadcrumbList\",\"@id\":\"https:\/\/metecitir.com\/en\/types-of-grafts\/#breadcrumb\",\"itemListElement\":[{\"@type\":\"ListItem\",\"position\":1,\"name\":\"Anasayfa\",\"item\":\"https:\/\/metecitir.com\/en\/homepage\/\"},{\"@type\":\"ListItem\",\"position\":2,\"name\":\"Types of Grafts\"}]},{\"@type\":\"WebSite\",\"@id\":\"https:\/\/metecitir.com\/en\/#website\",\"url\":\"https:\/\/metecitir.com\/en\/\",\"name\":\"Dr. Mete \u00c7\u0131t\u0131r | A\u011f\u0131z ve \u00c7ene Cerrahisi Klini\u011fi\",\"description\":\"Tekirda\u011f Di\u015f \u0130mplant\",\"publisher\":{\"@id\":\"https:\/\/metecitir.com\/en\/#organization\"},\"potentialAction\":[{\"@type\":\"SearchAction\",\"target\":{\"@type\":\"EntryPoint\",\"urlTemplate\":\"https:\/\/metecitir.com\/en\/?s={search_term_string}\"},\"query-input\":\"required name=search_term_string\"}],\"inLanguage\":\"en-US\"},{\"@type\":\"Organization\",\"@id\":\"https:\/\/metecitir.com\/en\/#organization\",\"name\":\"Dr. Mete \u00c7\u0131t\u0131r | A\u011f\u0131z ve \u00c7ene Cerrahisi Klini\u011fi\",\"url\":\"https:\/\/metecitir.com\/en\/\",\"logo\":{\"@type\":\"ImageObject\",\"inLanguage\":\"en-US\",\"@id\":\"https:\/\/metecitir.com\/en\/#\/schema\/logo\/image\/\",\"url\":\"https:\/\/metecitir.com\/wp-content\/uploads\/2023\/03\/metecitirlogomenu.png\",\"contentUrl\":\"https:\/\/metecitir.com\/wp-content\/uploads\/2023\/03\/metecitirlogomenu.png\",\"width\":880,\"height\":425,\"caption\":\"Dr. Mete \u00c7\u0131t\u0131r | A\u011f\u0131z ve \u00c7ene Cerrahisi Klini\u011fi\"},\"image\":{\"@id\":\"https:\/\/metecitir.com\/en\/#\/schema\/logo\/image\/\"},\"sameAs\":[\"https:\/\/www.facebook.com\/drmetecitirtr\",\"https:\/\/twitter.com\/drmetecitir\",\"https:\/\/www.instagram.com\/drmetecitir\/\"]}]}<\/script>\n<!-- \/ Yoast SEO plugin. -->","yoast_head_json":{"title":"Types of Grafts - Dr. Mete \u00c7\u0131t\u0131r | A\u011f\u0131z ve \u00c7ene Cerrahisi Klini\u011fi","robots":{"index":"index","follow":"follow","max-snippet":"max-snippet:-1","max-image-preview":"max-image-preview:large","max-video-preview":"max-video-preview:-1"},"canonical":"https:\/\/metecitir.com\/en\/types-of-grafts\/","og_locale":"en_US","og_type":"article","og_title":"Types of Grafts - Dr. Mete \u00c7\u0131t\u0131r | A\u011f\u0131z ve \u00c7ene Cerrahisi Klini\u011fi","og_description":"[vc_row][vc_column][\/vc_column][\/vc_row][vc_row content_placement=&#8221;middle&#8221; responsive_css=&#8221;padding_top_medium:45px&#8221; css=&#8221;.vc_custom_1660131534247{padding-top: 30px !important;}&#8221;][vc_column css=&#8221;.vc_custom_1620642235658{margin-bottom: 60px !important;}&#8221; responsive_css=&#8221;margin_bottom_medium:35px&#8221;][\/vc_column][\/vc_row][vc_row][vc_column][\/vc_column][\/vc_row]","og_url":"https:\/\/metecitir.com\/en\/types-of-grafts\/","og_site_name":"Dr. Mete \u00c7\u0131t\u0131r | A\u011f\u0131z ve \u00c7ene Cerrahisi Klini\u011fi","article_publisher":"https:\/\/www.facebook.com\/drmetecitirtr","twitter_card":"summary_large_image","twitter_site":"@drmetecitir","twitter_misc":{"Est. reading time":"2 minutes"},"schema":{"@context":"https:\/\/schema.org","@graph":[{"@type":"WebPage","@id":"https:\/\/metecitir.com\/en\/types-of-grafts\/","url":"https:\/\/metecitir.com\/en\/types-of-grafts\/","name":"Types of Grafts - Dr. Mete \u00c7\u0131t\u0131r | A\u011f\u0131z ve \u00c7ene Cerrahisi Klini\u011fi","isPartOf":{"@id":"https:\/\/metecitir.com\/en\/#website"},"datePublished":"2022-10-13T03:37:06+00:00","dateModified":"2022-10-13T03:37:06+00:00","breadcrumb":{"@id":"https:\/\/metecitir.com\/en\/types-of-grafts\/#breadcrumb"},"inLanguage":"en-US","potentialAction":[{"@type":"ReadAction","target":["https:\/\/metecitir.com\/en\/types-of-grafts\/"]}]},{"@type":"BreadcrumbList","@id":"https:\/\/metecitir.com\/en\/types-of-grafts\/#breadcrumb","itemListElement":[{"@type":"ListItem","position":1,"name":"Anasayfa","item":"https:\/\/metecitir.com\/en\/homepage\/"},{"@type":"ListItem","position":2,"name":"Types of Grafts"}]},{"@type":"WebSite","@id":"https:\/\/metecitir.com\/en\/#website","url":"https:\/\/metecitir.com\/en\/","name":"Dr. Mete \u00c7\u0131t\u0131r | A\u011f\u0131z ve \u00c7ene Cerrahisi Klini\u011fi","description":"Tekirda\u011f Di\u015f \u0130mplant","publisher":{"@id":"https:\/\/metecitir.com\/en\/#organization"},"potentialAction":[{"@type":"SearchAction","target":{"@type":"EntryPoint","urlTemplate":"https:\/\/metecitir.com\/en\/?s={search_term_string}"},"query-input":"required name=search_term_string"}],"inLanguage":"en-US"},{"@type":"Organization","@id":"https:\/\/metecitir.com\/en\/#organization","name":"Dr. Mete \u00c7\u0131t\u0131r | A\u011f\u0131z ve \u00c7ene Cerrahisi Klini\u011fi","url":"https:\/\/metecitir.com\/en\/","logo":{"@type":"ImageObject","inLanguage":"en-US","@id":"https:\/\/metecitir.com\/en\/#\/schema\/logo\/image\/","url":"https:\/\/metecitir.com\/wp-content\/uploads\/2023\/03\/metecitirlogomenu.png","contentUrl":"https:\/\/metecitir.com\/wp-content\/uploads\/2023\/03\/metecitirlogomenu.png","width":880,"height":425,"caption":"Dr. Mete \u00c7\u0131t\u0131r | A\u011f\u0131z ve \u00c7ene Cerrahisi Klini\u011fi"},"image":{"@id":"https:\/\/metecitir.com\/en\/#\/schema\/logo\/image\/"},"sameAs":["https:\/\/www.facebook.com\/drmetecitirtr","https:\/\/twitter.com\/drmetecitir","https:\/\/www.instagram.com\/drmetecitir\/"]}]}},"_links":{"self":[{"href":"https:\/\/metecitir.com\/en\/wp-json\/wp\/v2\/pages\/9433"}],"collection":[{"href":"https:\/\/metecitir.com\/en\/wp-json\/wp\/v2\/pages"}],"about":[{"href":"https:\/\/metecitir.com\/en\/wp-json\/wp\/v2\/types\/page"}],"author":[{"embeddable":true,"href":"https:\/\/metecitir.com\/en\/wp-json\/wp\/v2\/users\/1"}],"replies":[{"embeddable":true,"href":"https:\/\/metecitir.com\/en\/wp-json\/wp\/v2\/comments?post=9433"}],"version-history":[{"count":1,"href":"https:\/\/metecitir.com\/en\/wp-json\/wp\/v2\/pages\/9433\/revisions"}],"predecessor-version":[{"id":9434,"href":"https:\/\/metecitir.com\/en\/wp-json\/wp\/v2\/pages\/9433\/revisions\/9434"}],"wp:attachment":[{"href":"https:\/\/metecitir.com\/en\/wp-json\/wp\/v2\/media?parent=9433"}],"curies":[{"name":"wp","href":"https:\/\/api.w.org\/{rel}","templated":true}]}}