{"id":9422,"date":"2022-10-13T06:31:51","date_gmt":"2022-10-13T03:31:51","guid":{"rendered":"https:\/\/metecitir.com\/?page_id=9422"},"modified":"2022-10-13T06:31:51","modified_gmt":"2022-10-13T03:31:51","slug":"tooth-extraction","status":"publish","type":"page","link":"https:\/\/metecitir.com\/en\/tooth-extraction\/","title":{"rendered":"Tooth Extraction"},"content":{"rendered":"<p>[vc_row][vc_column]<style>.ld_spacer_69d0043e21360{height:64px;}<\/style>\n<div class=\"ld-empty-space ld_spacer_69d0043e21360\"><\/div>[\/vc_column][\/vc_row][vc_row content_placement=&#8221;middle&#8221; responsive_css=&#8221;padding_top_medium:45px&#8221; css=&#8221;.vc_custom_1660131534247{padding-top: 30px !important;}&#8221;][vc_column css=&#8221;.vc_custom_1620642235658{margin-bottom: 60px !important;}&#8221; responsive_css=&#8221;margin_bottom_medium:35px&#8221;]<style>.ld_fancy_heading_69d0043e2153b h2 {font-size:42px; } .ld_fancy_heading_69d0043e2153b h2 {font-weight:500; } .ld_fancy_heading_69d0043e2153b h2 {margin-bottom:0.75em !important;  } .ld_fancy_heading_69d0043e2153b .lqd-highlight-inner{height:0.275em!important;bottom:0px!important;background:rgba(237, 28, 36, 0.39)!important;}.ld_fancy_heading_69d0043e2153b h2 {font-size:42px; } .ld_fancy_heading_69d0043e2153b h2 {font-weight:500; } .ld_fancy_heading_69d0043e2153b h2 {margin-bottom:0.75em !important;  } <\/style><div class=\"ld-fancy-heading ld_fancy_heading_69d0043e2153b\">\n\t<h2 class=\"ld-fh-element lqd-highlight-underline lqd-highlight-grow-left text-decoration-default\"   >  <span style=\"color: #000000\">Tooth Extraction<\/span><\/h2><\/div><style>.ld_fancy_heading_69d0043e21889 p{color:rgb(0, 0, 0);}.ld_fancy_heading_69d0043e21889 p {font-size:17px; } .ld_fancy_heading_69d0043e21889 p {line-height:1.88em; } .ld_fancy_heading_69d0043e21889 p {--element-line-height:1.88em; } @media (min-width: 1200px) { .ld_fancy_heading_69d0043e21889 p {margin-bottom:1em !important;  }  } .ld_fancy_heading_69d0043e21889 .lqd-highlight-inner{height:0.275em!important;bottom:0px!important;}.ld_fancy_heading_69d0043e21889 p {font-size:17px; } .ld_fancy_heading_69d0043e21889 p {line-height:1.88em; } .ld_fancy_heading_69d0043e21889 p {--element-line-height:1.88em; } @media (min-width: 1200px) { .ld_fancy_heading_69d0043e21889 p {margin-bottom:1em !important;  }  } <\/style><div class=\"ld-fancy-heading ld_fancy_heading_69d0043e21889\">\n\t<p class=\"ld-fh-element lqd-highlight-underline lqd-highlight-grow-left text-decoration-default\"   >  Tooth extraction is a dental procedure during which the tooth is completely removed from its socket. The extraction of teeth is often necessary when a tooth is infected, decayed, or crowded. Patients with braces may need one or two teeth removed to provide room for their other teeth as they shift into place.<br \/>\nUsually performed by a dentist or oral surgeon, tooth extraction is an outpatient procedure requiring either local, general, or intravenous anesthesia.<\/p>\n<p>Removing visible teeth is a simple extraction. More complex procedures are required for teeth that are broken, below the surface or impacted. It takes a few days to recover after tooth extraction.<\/p><\/div>[\/vc_column][\/vc_row][vc_row][vc_column]<style>.ld_spacer_69d0043e21a0d{height:64px;}<\/style>\n<div class=\"ld-empty-space ld_spacer_69d0043e21a0d\"><\/div>[\/vc_column][\/vc_row]<\/p>\n","protected":false},"excerpt":{"rendered":"<p>[vc_row][vc_column][\/vc_column][\/vc_row][vc_row content_placement=&#8221;middle&#8221; responsive_css=&#8221;padding_top_medium:45px&#8221; css=&#8221;.vc_custom_1660131534247{padding-top: 30px !important;}&#8221;][vc_column css=&#8221;.vc_custom_1620642235658{margin-bottom: 60px !important;}&#8221; responsive_css=&#8221;margin_bottom_medium:35px&#8221;][\/vc_column][\/vc_row][vc_row][vc_column][\/vc_column][\/vc_row]<\/p>\n","protected":false},"author":1,"featured_media":0,"parent":0,"menu_order":0,"comment_status":"closed","ping_status":"closed","template":"","meta":[],"yoast_head":"<!-- This site is optimized with the Yoast SEO plugin v20.2.1 - https:\/\/yoast.com\/wordpress\/plugins\/seo\/ -->\n<title>Tooth Extraction - Dr. Mete \u00c7\u0131t\u0131r | A\u011f\u0131z ve \u00c7ene Cerrahisi Klini\u011fi<\/title>\n<meta name=\"robots\" content=\"index, follow, max-snippet:-1, max-image-preview:large, max-video-preview:-1\" \/>\n<link rel=\"canonical\" href=\"https:\/\/metecitir.com\/en\/tooth-extraction\/\" \/>\n<meta property=\"og:locale\" content=\"en_US\" \/>\n<meta property=\"og:type\" content=\"article\" \/>\n<meta property=\"og:title\" content=\"Tooth Extraction - Dr. Mete \u00c7\u0131t\u0131r | A\u011f\u0131z ve \u00c7ene Cerrahisi Klini\u011fi\" \/>\n<meta property=\"og:description\" content=\"[vc_row][vc_column][\/vc_column][\/vc_row][vc_row content_placement=&#8221;middle&#8221; responsive_css=&#8221;padding_top_medium:45px&#8221; css=&#8221;.vc_custom_1660131534247{padding-top: 30px !important;}&#8221;][vc_column css=&#8221;.vc_custom_1620642235658{margin-bottom: 60px !important;}&#8221; responsive_css=&#8221;margin_bottom_medium:35px&#8221;][\/vc_column][\/vc_row][vc_row][vc_column][\/vc_column][\/vc_row]\" \/>\n<meta property=\"og:url\" content=\"https:\/\/metecitir.com\/en\/tooth-extraction\/\" \/>\n<meta property=\"og:site_name\" content=\"Dr. Mete \u00c7\u0131t\u0131r | A\u011f\u0131z ve \u00c7ene Cerrahisi Klini\u011fi\" \/>\n<meta property=\"article:publisher\" content=\"https:\/\/www.facebook.com\/drmetecitirtr\" \/>\n<meta name=\"twitter:card\" content=\"summary_large_image\" \/>\n<meta name=\"twitter:site\" content=\"@drmetecitir\" \/>\n<meta name=\"twitter:label1\" content=\"Est. reading time\" \/>\n\t<meta name=\"twitter:data1\" content=\"1 minute\" \/>\n<script type=\"application\/ld+json\" class=\"yoast-schema-graph\">{\"@context\":\"https:\/\/schema.org\",\"@graph\":[{\"@type\":\"WebPage\",\"@id\":\"https:\/\/metecitir.com\/en\/tooth-extraction\/\",\"url\":\"https:\/\/metecitir.com\/en\/tooth-extraction\/\",\"name\":\"Tooth Extraction - Dr. Mete \u00c7\u0131t\u0131r | A\u011f\u0131z ve \u00c7ene Cerrahisi Klini\u011fi\",\"isPartOf\":{\"@id\":\"https:\/\/metecitir.com\/en\/#website\"},\"datePublished\":\"2022-10-13T03:31:51+00:00\",\"dateModified\":\"2022-10-13T03:31:51+00:00\",\"breadcrumb\":{\"@id\":\"https:\/\/metecitir.com\/en\/tooth-extraction\/#breadcrumb\"},\"inLanguage\":\"en-US\",\"potentialAction\":[{\"@type\":\"ReadAction\",\"target\":[\"https:\/\/metecitir.com\/en\/tooth-extraction\/\"]}]},{\"@type\":\"BreadcrumbList\",\"@id\":\"https:\/\/metecitir.com\/en\/tooth-extraction\/#breadcrumb\",\"itemListElement\":[{\"@type\":\"ListItem\",\"position\":1,\"name\":\"Anasayfa\",\"item\":\"https:\/\/metecitir.com\/en\/homepage\/\"},{\"@type\":\"ListItem\",\"position\":2,\"name\":\"Tooth Extraction\"}]},{\"@type\":\"WebSite\",\"@id\":\"https:\/\/metecitir.com\/en\/#website\",\"url\":\"https:\/\/metecitir.com\/en\/\",\"name\":\"Dr. Mete \u00c7\u0131t\u0131r | A\u011f\u0131z ve \u00c7ene Cerrahisi Klini\u011fi\",\"description\":\"Tekirda\u011f Di\u015f \u0130mplant\",\"publisher\":{\"@id\":\"https:\/\/metecitir.com\/en\/#organization\"},\"potentialAction\":[{\"@type\":\"SearchAction\",\"target\":{\"@type\":\"EntryPoint\",\"urlTemplate\":\"https:\/\/metecitir.com\/en\/?s={search_term_string}\"},\"query-input\":\"required name=search_term_string\"}],\"inLanguage\":\"en-US\"},{\"@type\":\"Organization\",\"@id\":\"https:\/\/metecitir.com\/en\/#organization\",\"name\":\"Dr. Mete \u00c7\u0131t\u0131r | A\u011f\u0131z ve \u00c7ene Cerrahisi Klini\u011fi\",\"url\":\"https:\/\/metecitir.com\/en\/\",\"logo\":{\"@type\":\"ImageObject\",\"inLanguage\":\"en-US\",\"@id\":\"https:\/\/metecitir.com\/en\/#\/schema\/logo\/image\/\",\"url\":\"https:\/\/metecitir.com\/wp-content\/uploads\/2023\/03\/metecitirlogomenu.png\",\"contentUrl\":\"https:\/\/metecitir.com\/wp-content\/uploads\/2023\/03\/metecitirlogomenu.png\",\"width\":880,\"height\":425,\"caption\":\"Dr. Mete \u00c7\u0131t\u0131r | A\u011f\u0131z ve \u00c7ene Cerrahisi Klini\u011fi\"},\"image\":{\"@id\":\"https:\/\/metecitir.com\/en\/#\/schema\/logo\/image\/\"},\"sameAs\":[\"https:\/\/www.facebook.com\/drmetecitirtr\",\"https:\/\/twitter.com\/drmetecitir\",\"https:\/\/www.instagram.com\/drmetecitir\/\"]}]}<\/script>\n<!-- \/ Yoast SEO plugin. -->","yoast_head_json":{"title":"Tooth Extraction - Dr. Mete \u00c7\u0131t\u0131r | A\u011f\u0131z ve \u00c7ene Cerrahisi Klini\u011fi","robots":{"index":"index","follow":"follow","max-snippet":"max-snippet:-1","max-image-preview":"max-image-preview:large","max-video-preview":"max-video-preview:-1"},"canonical":"https:\/\/metecitir.com\/en\/tooth-extraction\/","og_locale":"en_US","og_type":"article","og_title":"Tooth Extraction - Dr. Mete \u00c7\u0131t\u0131r | A\u011f\u0131z ve \u00c7ene Cerrahisi Klini\u011fi","og_description":"[vc_row][vc_column][\/vc_column][\/vc_row][vc_row content_placement=&#8221;middle&#8221; responsive_css=&#8221;padding_top_medium:45px&#8221; css=&#8221;.vc_custom_1660131534247{padding-top: 30px !important;}&#8221;][vc_column css=&#8221;.vc_custom_1620642235658{margin-bottom: 60px !important;}&#8221; responsive_css=&#8221;margin_bottom_medium:35px&#8221;][\/vc_column][\/vc_row][vc_row][vc_column][\/vc_column][\/vc_row]","og_url":"https:\/\/metecitir.com\/en\/tooth-extraction\/","og_site_name":"Dr. Mete \u00c7\u0131t\u0131r | A\u011f\u0131z ve \u00c7ene Cerrahisi Klini\u011fi","article_publisher":"https:\/\/www.facebook.com\/drmetecitirtr","twitter_card":"summary_large_image","twitter_site":"@drmetecitir","twitter_misc":{"Est. reading time":"1 minute"},"schema":{"@context":"https:\/\/schema.org","@graph":[{"@type":"WebPage","@id":"https:\/\/metecitir.com\/en\/tooth-extraction\/","url":"https:\/\/metecitir.com\/en\/tooth-extraction\/","name":"Tooth Extraction - Dr. Mete \u00c7\u0131t\u0131r | A\u011f\u0131z ve \u00c7ene Cerrahisi Klini\u011fi","isPartOf":{"@id":"https:\/\/metecitir.com\/en\/#website"},"datePublished":"2022-10-13T03:31:51+00:00","dateModified":"2022-10-13T03:31:51+00:00","breadcrumb":{"@id":"https:\/\/metecitir.com\/en\/tooth-extraction\/#breadcrumb"},"inLanguage":"en-US","potentialAction":[{"@type":"ReadAction","target":["https:\/\/metecitir.com\/en\/tooth-extraction\/"]}]},{"@type":"BreadcrumbList","@id":"https:\/\/metecitir.com\/en\/tooth-extraction\/#breadcrumb","itemListElement":[{"@type":"ListItem","position":1,"name":"Anasayfa","item":"https:\/\/metecitir.com\/en\/homepage\/"},{"@type":"ListItem","position":2,"name":"Tooth Extraction"}]},{"@type":"WebSite","@id":"https:\/\/metecitir.com\/en\/#website","url":"https:\/\/metecitir.com\/en\/","name":"Dr. Mete \u00c7\u0131t\u0131r | A\u011f\u0131z ve \u00c7ene Cerrahisi Klini\u011fi","description":"Tekirda\u011f Di\u015f \u0130mplant","publisher":{"@id":"https:\/\/metecitir.com\/en\/#organization"},"potentialAction":[{"@type":"SearchAction","target":{"@type":"EntryPoint","urlTemplate":"https:\/\/metecitir.com\/en\/?s={search_term_string}"},"query-input":"required name=search_term_string"}],"inLanguage":"en-US"},{"@type":"Organization","@id":"https:\/\/metecitir.com\/en\/#organization","name":"Dr. Mete \u00c7\u0131t\u0131r | A\u011f\u0131z ve \u00c7ene Cerrahisi Klini\u011fi","url":"https:\/\/metecitir.com\/en\/","logo":{"@type":"ImageObject","inLanguage":"en-US","@id":"https:\/\/metecitir.com\/en\/#\/schema\/logo\/image\/","url":"https:\/\/metecitir.com\/wp-content\/uploads\/2023\/03\/metecitirlogomenu.png","contentUrl":"https:\/\/metecitir.com\/wp-content\/uploads\/2023\/03\/metecitirlogomenu.png","width":880,"height":425,"caption":"Dr. Mete \u00c7\u0131t\u0131r | A\u011f\u0131z ve \u00c7ene Cerrahisi Klini\u011fi"},"image":{"@id":"https:\/\/metecitir.com\/en\/#\/schema\/logo\/image\/"},"sameAs":["https:\/\/www.facebook.com\/drmetecitirtr","https:\/\/twitter.com\/drmetecitir","https:\/\/www.instagram.com\/drmetecitir\/"]}]}},"_links":{"self":[{"href":"https:\/\/metecitir.com\/en\/wp-json\/wp\/v2\/pages\/9422"}],"collection":[{"href":"https:\/\/metecitir.com\/en\/wp-json\/wp\/v2\/pages"}],"about":[{"href":"https:\/\/metecitir.com\/en\/wp-json\/wp\/v2\/types\/page"}],"author":[{"embeddable":true,"href":"https:\/\/metecitir.com\/en\/wp-json\/wp\/v2\/users\/1"}],"replies":[{"embeddable":true,"href":"https:\/\/metecitir.com\/en\/wp-json\/wp\/v2\/comments?post=9422"}],"version-history":[{"count":1,"href":"https:\/\/metecitir.com\/en\/wp-json\/wp\/v2\/pages\/9422\/revisions"}],"predecessor-version":[{"id":9423,"href":"https:\/\/metecitir.com\/en\/wp-json\/wp\/v2\/pages\/9422\/revisions\/9423"}],"wp:attachment":[{"href":"https:\/\/metecitir.com\/en\/wp-json\/wp\/v2\/media?parent=9422"}],"curies":[{"name":"wp","href":"https:\/\/api.w.org\/{rel}","templated":true}]}}