{"id":9403,"date":"2022-10-13T06:24:28","date_gmt":"2022-10-13T03:24:28","guid":{"rendered":"https:\/\/metecitir.com\/?page_id=9403"},"modified":"2022-10-13T18:07:59","modified_gmt":"2022-10-13T15:07:59","slug":"advanced-ridge-split","status":"publish","type":"page","link":"https:\/\/metecitir.com\/en\/advanced-ridge-split\/","title":{"rendered":"Advanced Ridge Split"},"content":{"rendered":"<p>[vc_row][vc_column]<style>.ld_spacer_69d0043e1aa86{height:64px;}<\/style>\n<div class=\"ld-empty-space ld_spacer_69d0043e1aa86\"><\/div>[\/vc_column][\/vc_row][vc_row content_placement=&#8221;middle&#8221; responsive_css=&#8221;padding_top_medium:45px&#8221; css=&#8221;.vc_custom_1660131534247{padding-top: 30px !important;}&#8221;][vc_column css=&#8221;.vc_custom_1620642235658{margin-bottom: 60px !important;}&#8221; responsive_css=&#8221;margin_bottom_medium:35px&#8221;]<style>.ld_fancy_heading_69d0043e1ac52 h2 {font-size:42px; } .ld_fancy_heading_69d0043e1ac52 h2 {font-weight:500; } .ld_fancy_heading_69d0043e1ac52 h2 {margin-bottom:0.75em !important;  } .ld_fancy_heading_69d0043e1ac52 .lqd-highlight-inner{height:0.275em!important;bottom:0px!important;background:rgba(237, 28, 36, 0.39)!important;}.ld_fancy_heading_69d0043e1ac52 h2 {font-size:42px; } .ld_fancy_heading_69d0043e1ac52 h2 {font-weight:500; } .ld_fancy_heading_69d0043e1ac52 h2 {margin-bottom:0.75em !important;  } <\/style><div class=\"ld-fancy-heading ld_fancy_heading_69d0043e1ac52\">\n\t<h2 class=\"ld-fh-element lqd-highlight-underline lqd-highlight-grow-left text-decoration-default\"   >  <span style=\"color: #000000\">Advanced Ridge Split<\/span><\/h2><\/div><style>.ld_fancy_heading_69d0043e1b0c7 p{color:rgb(0, 0, 0);}.ld_fancy_heading_69d0043e1b0c7 p {font-size:17px; } .ld_fancy_heading_69d0043e1b0c7 p {line-height:1.88em; } .ld_fancy_heading_69d0043e1b0c7 p {--element-line-height:1.88em; } @media (min-width: 1200px) { .ld_fancy_heading_69d0043e1b0c7 p {margin-bottom:1em !important;  }  } .ld_fancy_heading_69d0043e1b0c7 .lqd-highlight-inner{height:0.275em!important;bottom:0px!important;}.ld_fancy_heading_69d0043e1b0c7 p {font-size:17px; } .ld_fancy_heading_69d0043e1b0c7 p {line-height:1.88em; } .ld_fancy_heading_69d0043e1b0c7 p {--element-line-height:1.88em; } @media (min-width: 1200px) { .ld_fancy_heading_69d0043e1b0c7 p {margin-bottom:1em !important;  }  } <\/style><div class=\"ld-fancy-heading ld_fancy_heading_69d0043e1b0c7\">\n\t<p class=\"ld-fh-element lqd-highlight-underline lqd-highlight-grow-left text-decoration-default\"   >  To augment a horizontally resorbed ridge with insufficient facial\/lingual width, a special technique, called the ridge split operation, can be performed. The thinned inner and outer layers of alveolar bone is separated by the piezosurgery and the gap between the bone plates is filled by bone particles called bone grafts.<\/p>\n<p>The implant placement may be staged or simultaneous, depending on the flexibility and volume of the bone. With the piezosurgery, the procedure can be performed even in excessively resorbed bones. From single tooth gap to full arch reconstructions are possible with the ridge split operation.<\/p><\/div>[\/vc_column][\/vc_row][vc_row][vc_column]<style>.ld_spacer_69d0043e1b28b{height:64px;}<\/style>\n<div class=\"ld-empty-space ld_spacer_69d0043e1b28b\"><\/div>[\/vc_column][\/vc_row]<\/p>\n","protected":false},"excerpt":{"rendered":"<p>[vc_row][vc_column][\/vc_column][\/vc_row][vc_row content_placement=&#8221;middle&#8221; responsive_css=&#8221;padding_top_medium:45px&#8221; css=&#8221;.vc_custom_1660131534247{padding-top: 30px !important;}&#8221;][vc_column css=&#8221;.vc_custom_1620642235658{margin-bottom: 60px !important;}&#8221; responsive_css=&#8221;margin_bottom_medium:35px&#8221;][\/vc_column][\/vc_row][vc_row][vc_column][\/vc_column][\/vc_row]<\/p>\n","protected":false},"author":1,"featured_media":0,"parent":0,"menu_order":0,"comment_status":"closed","ping_status":"closed","template":"","meta":[],"yoast_head":"<!-- This site is optimized with the Yoast SEO plugin v20.2.1 - https:\/\/yoast.com\/wordpress\/plugins\/seo\/ -->\n<title>Advanced Ridge Split - Dr. Mete \u00c7\u0131t\u0131r | A\u011f\u0131z ve \u00c7ene Cerrahisi Klini\u011fi<\/title>\n<meta name=\"robots\" content=\"index, follow, max-snippet:-1, max-image-preview:large, max-video-preview:-1\" \/>\n<link rel=\"canonical\" href=\"https:\/\/metecitir.com\/en\/advanced-ridge-split\/\" \/>\n<meta property=\"og:locale\" content=\"en_US\" \/>\n<meta property=\"og:type\" content=\"article\" \/>\n<meta property=\"og:title\" content=\"Advanced Ridge Split - Dr. Mete \u00c7\u0131t\u0131r | A\u011f\u0131z ve \u00c7ene Cerrahisi Klini\u011fi\" \/>\n<meta property=\"og:description\" content=\"[vc_row][vc_column][\/vc_column][\/vc_row][vc_row content_placement=&#8221;middle&#8221; responsive_css=&#8221;padding_top_medium:45px&#8221; css=&#8221;.vc_custom_1660131534247{padding-top: 30px !important;}&#8221;][vc_column css=&#8221;.vc_custom_1620642235658{margin-bottom: 60px !important;}&#8221; responsive_css=&#8221;margin_bottom_medium:35px&#8221;][\/vc_column][\/vc_row][vc_row][vc_column][\/vc_column][\/vc_row]\" \/>\n<meta property=\"og:url\" content=\"https:\/\/metecitir.com\/en\/advanced-ridge-split\/\" \/>\n<meta property=\"og:site_name\" content=\"Dr. Mete \u00c7\u0131t\u0131r | A\u011f\u0131z ve \u00c7ene Cerrahisi Klini\u011fi\" \/>\n<meta property=\"article:publisher\" content=\"https:\/\/www.facebook.com\/drmetecitirtr\" \/>\n<meta property=\"article:modified_time\" content=\"2022-10-13T15:07:59+00:00\" \/>\n<meta name=\"twitter:card\" content=\"summary_large_image\" \/>\n<meta name=\"twitter:site\" content=\"@drmetecitir\" \/>\n<meta name=\"twitter:label1\" content=\"Est. reading time\" \/>\n\t<meta name=\"twitter:data1\" content=\"1 minute\" \/>\n<script type=\"application\/ld+json\" class=\"yoast-schema-graph\">{\"@context\":\"https:\/\/schema.org\",\"@graph\":[{\"@type\":\"WebPage\",\"@id\":\"https:\/\/metecitir.com\/en\/advanced-ridge-split\/\",\"url\":\"https:\/\/metecitir.com\/en\/advanced-ridge-split\/\",\"name\":\"Advanced Ridge Split - Dr. Mete \u00c7\u0131t\u0131r | A\u011f\u0131z ve \u00c7ene Cerrahisi Klini\u011fi\",\"isPartOf\":{\"@id\":\"https:\/\/metecitir.com\/en\/#website\"},\"datePublished\":\"2022-10-13T03:24:28+00:00\",\"dateModified\":\"2022-10-13T15:07:59+00:00\",\"breadcrumb\":{\"@id\":\"https:\/\/metecitir.com\/en\/advanced-ridge-split\/#breadcrumb\"},\"inLanguage\":\"en-US\",\"potentialAction\":[{\"@type\":\"ReadAction\",\"target\":[\"https:\/\/metecitir.com\/en\/advanced-ridge-split\/\"]}]},{\"@type\":\"BreadcrumbList\",\"@id\":\"https:\/\/metecitir.com\/en\/advanced-ridge-split\/#breadcrumb\",\"itemListElement\":[{\"@type\":\"ListItem\",\"position\":1,\"name\":\"Anasayfa\",\"item\":\"https:\/\/metecitir.com\/en\/homepage\/\"},{\"@type\":\"ListItem\",\"position\":2,\"name\":\"Advanced Ridge Split\"}]},{\"@type\":\"WebSite\",\"@id\":\"https:\/\/metecitir.com\/en\/#website\",\"url\":\"https:\/\/metecitir.com\/en\/\",\"name\":\"Dr. Mete \u00c7\u0131t\u0131r | A\u011f\u0131z ve \u00c7ene Cerrahisi Klini\u011fi\",\"description\":\"Tekirda\u011f Di\u015f \u0130mplant\",\"publisher\":{\"@id\":\"https:\/\/metecitir.com\/en\/#organization\"},\"potentialAction\":[{\"@type\":\"SearchAction\",\"target\":{\"@type\":\"EntryPoint\",\"urlTemplate\":\"https:\/\/metecitir.com\/en\/?s={search_term_string}\"},\"query-input\":\"required name=search_term_string\"}],\"inLanguage\":\"en-US\"},{\"@type\":\"Organization\",\"@id\":\"https:\/\/metecitir.com\/en\/#organization\",\"name\":\"Dr. Mete \u00c7\u0131t\u0131r | A\u011f\u0131z ve \u00c7ene Cerrahisi Klini\u011fi\",\"url\":\"https:\/\/metecitir.com\/en\/\",\"logo\":{\"@type\":\"ImageObject\",\"inLanguage\":\"en-US\",\"@id\":\"https:\/\/metecitir.com\/en\/#\/schema\/logo\/image\/\",\"url\":\"https:\/\/metecitir.com\/wp-content\/uploads\/2023\/03\/metecitirlogomenu.png\",\"contentUrl\":\"https:\/\/metecitir.com\/wp-content\/uploads\/2023\/03\/metecitirlogomenu.png\",\"width\":880,\"height\":425,\"caption\":\"Dr. Mete \u00c7\u0131t\u0131r | A\u011f\u0131z ve \u00c7ene Cerrahisi Klini\u011fi\"},\"image\":{\"@id\":\"https:\/\/metecitir.com\/en\/#\/schema\/logo\/image\/\"},\"sameAs\":[\"https:\/\/www.facebook.com\/drmetecitirtr\",\"https:\/\/twitter.com\/drmetecitir\",\"https:\/\/www.instagram.com\/drmetecitir\/\"]}]}<\/script>\n<!-- \/ Yoast SEO plugin. -->","yoast_head_json":{"title":"Advanced Ridge Split - Dr. Mete \u00c7\u0131t\u0131r | A\u011f\u0131z ve \u00c7ene Cerrahisi Klini\u011fi","robots":{"index":"index","follow":"follow","max-snippet":"max-snippet:-1","max-image-preview":"max-image-preview:large","max-video-preview":"max-video-preview:-1"},"canonical":"https:\/\/metecitir.com\/en\/advanced-ridge-split\/","og_locale":"en_US","og_type":"article","og_title":"Advanced Ridge Split - Dr. Mete \u00c7\u0131t\u0131r | A\u011f\u0131z ve \u00c7ene Cerrahisi Klini\u011fi","og_description":"[vc_row][vc_column][\/vc_column][\/vc_row][vc_row content_placement=&#8221;middle&#8221; responsive_css=&#8221;padding_top_medium:45px&#8221; css=&#8221;.vc_custom_1660131534247{padding-top: 30px !important;}&#8221;][vc_column css=&#8221;.vc_custom_1620642235658{margin-bottom: 60px !important;}&#8221; responsive_css=&#8221;margin_bottom_medium:35px&#8221;][\/vc_column][\/vc_row][vc_row][vc_column][\/vc_column][\/vc_row]","og_url":"https:\/\/metecitir.com\/en\/advanced-ridge-split\/","og_site_name":"Dr. Mete \u00c7\u0131t\u0131r | A\u011f\u0131z ve \u00c7ene Cerrahisi Klini\u011fi","article_publisher":"https:\/\/www.facebook.com\/drmetecitirtr","article_modified_time":"2022-10-13T15:07:59+00:00","twitter_card":"summary_large_image","twitter_site":"@drmetecitir","twitter_misc":{"Est. reading time":"1 minute"},"schema":{"@context":"https:\/\/schema.org","@graph":[{"@type":"WebPage","@id":"https:\/\/metecitir.com\/en\/advanced-ridge-split\/","url":"https:\/\/metecitir.com\/en\/advanced-ridge-split\/","name":"Advanced Ridge Split - Dr. Mete \u00c7\u0131t\u0131r | A\u011f\u0131z ve \u00c7ene Cerrahisi Klini\u011fi","isPartOf":{"@id":"https:\/\/metecitir.com\/en\/#website"},"datePublished":"2022-10-13T03:24:28+00:00","dateModified":"2022-10-13T15:07:59+00:00","breadcrumb":{"@id":"https:\/\/metecitir.com\/en\/advanced-ridge-split\/#breadcrumb"},"inLanguage":"en-US","potentialAction":[{"@type":"ReadAction","target":["https:\/\/metecitir.com\/en\/advanced-ridge-split\/"]}]},{"@type":"BreadcrumbList","@id":"https:\/\/metecitir.com\/en\/advanced-ridge-split\/#breadcrumb","itemListElement":[{"@type":"ListItem","position":1,"name":"Anasayfa","item":"https:\/\/metecitir.com\/en\/homepage\/"},{"@type":"ListItem","position":2,"name":"Advanced Ridge Split"}]},{"@type":"WebSite","@id":"https:\/\/metecitir.com\/en\/#website","url":"https:\/\/metecitir.com\/en\/","name":"Dr. Mete \u00c7\u0131t\u0131r | A\u011f\u0131z ve \u00c7ene Cerrahisi Klini\u011fi","description":"Tekirda\u011f Di\u015f \u0130mplant","publisher":{"@id":"https:\/\/metecitir.com\/en\/#organization"},"potentialAction":[{"@type":"SearchAction","target":{"@type":"EntryPoint","urlTemplate":"https:\/\/metecitir.com\/en\/?s={search_term_string}"},"query-input":"required name=search_term_string"}],"inLanguage":"en-US"},{"@type":"Organization","@id":"https:\/\/metecitir.com\/en\/#organization","name":"Dr. Mete \u00c7\u0131t\u0131r | A\u011f\u0131z ve \u00c7ene Cerrahisi Klini\u011fi","url":"https:\/\/metecitir.com\/en\/","logo":{"@type":"ImageObject","inLanguage":"en-US","@id":"https:\/\/metecitir.com\/en\/#\/schema\/logo\/image\/","url":"https:\/\/metecitir.com\/wp-content\/uploads\/2023\/03\/metecitirlogomenu.png","contentUrl":"https:\/\/metecitir.com\/wp-content\/uploads\/2023\/03\/metecitirlogomenu.png","width":880,"height":425,"caption":"Dr. Mete \u00c7\u0131t\u0131r | A\u011f\u0131z ve \u00c7ene Cerrahisi Klini\u011fi"},"image":{"@id":"https:\/\/metecitir.com\/en\/#\/schema\/logo\/image\/"},"sameAs":["https:\/\/www.facebook.com\/drmetecitirtr","https:\/\/twitter.com\/drmetecitir","https:\/\/www.instagram.com\/drmetecitir\/"]}]}},"_links":{"self":[{"href":"https:\/\/metecitir.com\/en\/wp-json\/wp\/v2\/pages\/9403"}],"collection":[{"href":"https:\/\/metecitir.com\/en\/wp-json\/wp\/v2\/pages"}],"about":[{"href":"https:\/\/metecitir.com\/en\/wp-json\/wp\/v2\/types\/page"}],"author":[{"embeddable":true,"href":"https:\/\/metecitir.com\/en\/wp-json\/wp\/v2\/users\/1"}],"replies":[{"embeddable":true,"href":"https:\/\/metecitir.com\/en\/wp-json\/wp\/v2\/comments?post=9403"}],"version-history":[{"count":2,"href":"https:\/\/metecitir.com\/en\/wp-json\/wp\/v2\/pages\/9403\/revisions"}],"predecessor-version":[{"id":9650,"href":"https:\/\/metecitir.com\/en\/wp-json\/wp\/v2\/pages\/9403\/revisions\/9650"}],"wp:attachment":[{"href":"https:\/\/metecitir.com\/en\/wp-json\/wp\/v2\/media?parent=9403"}],"curies":[{"name":"wp","href":"https:\/\/api.w.org\/{rel}","templated":true}]}}